{"id":4074,"date":"2025-08-02T16:16:47","date_gmt":"2025-08-02T16:16:47","guid":{"rendered":"https:\/\/www.lamalasuerte.es\/?post_type=product&#038;p=4074"},"modified":"2026-03-06T12:27:00","modified_gmt":"2026-03-06T12:27:00","slug":"il-prezzo-della-velocita","status":"publish","type":"product","link":"https:\/\/www.lamalasuerte.es\/it\/producto\/il-prezzo-della-velocita\/","title":{"rendered":"Il prezzo della velocit\u00e0"},"content":{"rendered":"<p>Questo libro narra di come uno dei pi\u00f9 grandi fabbricanti di moto giapponesi fece propria la tecnolog\u00eda del motore a due tempi sviluppata da uno scienziato nazista, finito a lavorare per la MZ durante i cupi anni del secondo dopoguerra, in una Germania dell\u2019Est devastata e succube della Russia. Si tratta della storia, durissima ed emozionante, del pilota Ernst Degner, e del suo maestro, Walter Kaaden, l\u2019ingegnere che grazie all\u2019esperienza acquisita lavorando sui missili a largo raggio, era riuscito a mettere a punto un motore a due tempi praticamente imbattibile. Nel 1961, in piena guerra fredda, e quando la MZ avrebbe potuto vincere il campionato mondiale grazie al suo pilota, indomito e profondo conoscitore della meccanica del suo mezzo, Degner disert\u00f2, in nome della libert\u00e0 e del denaro, passando alla Suzuki e portandosi dietro tutti i segreti del motore di Kaaden. Il resto \u00e8 noto: la vittoria della due tempi pi\u00f9 potente del mondo, l\u2019anno successivo, e la rapida scalata al successo della fabbrica di Hamamatsu.<br \/>\nOxley ci riporta al passato, scavando tra le testimonianze dei piloti di allora e dei familiari dei protagonisti, alla ricerca di una verit\u00e0 sulla quale risulter\u00e0 difficile, alla fine, dare un giudizio equo. Come sembra indicarci l\u2019autore con le sue riflessioni, si tratt\u00f2 anche di un caso umano, accaduto in un momento storico tra i pi\u00f9 complessi del ventesimo secolo, e al ritmo frenetico di un progresso e di una rinascita con cui ci si voleva allontanare il pi\u00f9 rapidamente possibile da ricordi di morte e di miseria.<\/p>\n<p>&nbsp;<\/p>\n<p><strong>Spedizione gratuita in Italia tramite <span class=\"BxUVEf ILfuVd\" lang=\"it\"><span class=\"hgKElc\">piego di libri<\/span><\/span>.<\/strong><\/p>\n<p><strong>Attenzione: L&#8217;opzione di spedizione gratuita apparir\u00e0 dopo aver compilato il format con l&#8217;indirizzo di spedizione!<\/strong><\/p>\n","protected":false},"excerpt":{"rendered":"<p>Questo libro narra di come uno dei pi\u00f9 grandi fabbricanti di moto giapponesi fece propria la tecnolog\u00eda del motore a due tempi sviluppata da uno scienziato nazista, finito a lavorare per la MZ durante i cupi anni del secondo dopoguerra, in una Germania dell\u2019Est devastata e succube della Russia.<\/p>\n","protected":false},"featured_media":4084,"comment_status":"closed","ping_status":"closed","template":"","meta":{"_acf_changed":false,"site-sidebar-layout":"default","site-content-layout":"","ast-site-content-layout":"default","site-content-style":"default","site-sidebar-style":"default","ast-global-header-display":"","ast-banner-title-visibility":"","ast-main-header-display":"","ast-hfb-above-header-display":"","ast-hfb-below-header-display":"","ast-hfb-mobile-header-display":"","site-post-title":"","ast-breadcrumbs-content":"","ast-featured-img":"","footer-sml-layout":"","ast-disable-related-posts":"","theme-transparent-header-meta":"default","adv-header-id-meta":"","stick-header-meta":"","header-above-stick-meta":"","header-main-stick-meta":"","header-below-stick-meta":"","astra-migrate-meta-layouts":"set","ast-page-background-enabled":"default","ast-page-background-meta":{"desktop":{"background-color":"var(--ast-global-color-5)","background-image":"","background-repeat":"repeat","background-position":"center center","background-size":"auto","background-attachment":"scroll","background-type":"","background-media":"","overlay-type":"","overlay-color":"","overlay-opacity":"","overlay-gradient":""},"tablet":{"background-color":"","background-image":"","background-repeat":"repeat","background-position":"center center","background-size":"auto","background-attachment":"scroll","background-type":"","background-media":"","overlay-type":"","overlay-color":"","overlay-opacity":"","overlay-gradient":""},"mobile":{"background-color":"","background-image":"","background-repeat":"repeat","background-position":"center center","background-size":"auto","background-attachment":"scroll","background-type":"","background-media":"","overlay-type":"","overlay-color":"","overlay-opacity":"","overlay-gradient":""}},"ast-content-background-meta":{"desktop":{"background-color":"var(--ast-global-color-4)","background-image":"","background-repeat":"repeat","background-position":"center center","background-size":"auto","background-attachment":"scroll","background-type":"","background-media":"","overlay-type":"","overlay-color":"","overlay-opacity":"","overlay-gradient":""},"tablet":{"background-color":"var(--ast-global-color-4)","background-image":"","background-repeat":"repeat","background-position":"center center","background-size":"auto","background-attachment":"scroll","background-type":"","background-media":"","overlay-type":"","overlay-color":"","overlay-opacity":"","overlay-gradient":""},"mobile":{"background-color":"var(--ast-global-color-4)","background-image":"","background-repeat":"repeat","background-position":"center center","background-size":"auto","background-attachment":"scroll","background-type":"","background-media":"","overlay-type":"","overlay-color":"","overlay-opacity":"","overlay-gradient":""}}},"product_brand":[],"product_cat":[64,81],"product_tag":[],"class_list":{"0":"post-4074","1":"product","2":"type-product","3":"status-publish","4":"has-post-thumbnail","6":"product_cat-corse","7":"product_cat-oxley-mat","8":"desktop-align-left","9":"tablet-align-left","10":"mobile-align-left","12":"first","13":"instock","14":"taxable","15":"shipping-taxable","16":"purchasable","17":"product-type-simple"},"acf":[],"yoast_head":"<!-- This site is optimized with the Yoast SEO plugin v27.4 - https:\/\/yoast.com\/product\/yoast-seo-wordpress\/ -->\n<title>Il prezzo della velocit\u00e0 |<\/title>\n<meta name=\"robots\" content=\"index, follow, max-snippet:-1, max-image-preview:large, max-video-preview:-1\" \/>\n<link rel=\"canonical\" href=\"https:\/\/www.lamalasuerte.es\/it\/producto\/il-prezzo-della-velocita\/\" \/>\n<meta property=\"og:locale\" content=\"it_IT\" \/>\n<meta property=\"og:type\" content=\"article\" \/>\n<meta property=\"og:title\" content=\"Il prezzo della velocit\u00e0 |\" \/>\n<meta property=\"og:description\" content=\"Questo libro narra di come uno dei pi\u00f9 grandi fabbricanti di moto giapponesi fece propria la tecnolog\u00eda del motore a due tempi sviluppata da uno scienziato nazista, finito a lavorare per la MZ durante i cupi anni del secondo dopoguerra, in una Germania dell\u2019Est devastata e succube della Russia.\" \/>\n<meta property=\"og:url\" content=\"https:\/\/www.lamalasuerte.es\/it\/producto\/il-prezzo-della-velocita\/\" \/>\n<meta property=\"article:modified_time\" content=\"2026-03-06T12:27:00+00:00\" \/>\n<meta property=\"og:image\" content=\"https:\/\/www.lamalasuerte.es\/wp-content\/uploads\/2025\/08\/Portada_1-scaled.jpg\" \/>\n\t<meta property=\"og:image:width\" content=\"1627\" \/>\n\t<meta property=\"og:image:height\" content=\"2560\" \/>\n\t<meta property=\"og:image:type\" content=\"image\/jpeg\" \/>\n<meta name=\"twitter:card\" content=\"summary_large_image\" \/>\n<meta name=\"twitter:label1\" content=\"Tempo di lettura stimato\" \/>\n\t<meta name=\"twitter:data1\" content=\"2 minuti\" \/>\n<script type=\"application\/ld+json\" class=\"yoast-schema-graph\">{\"@context\":\"https:\\\/\\\/schema.org\",\"@graph\":[{\"@type\":\"WebPage\",\"@id\":\"https:\\\/\\\/www.lamalasuerte.es\\\/it\\\/producto\\\/il-prezzo-della-velocita\\\/\",\"url\":\"https:\\\/\\\/www.lamalasuerte.es\\\/it\\\/producto\\\/il-prezzo-della-velocita\\\/\",\"name\":\"Il prezzo della velocit\u00e0 |\",\"isPartOf\":{\"@id\":\"https:\\\/\\\/www.lamalasuerte.es\\\/it\\\/#website\"},\"primaryImageOfPage\":{\"@id\":\"https:\\\/\\\/www.lamalasuerte.es\\\/it\\\/producto\\\/il-prezzo-della-velocita\\\/#primaryimage\"},\"image\":{\"@id\":\"https:\\\/\\\/www.lamalasuerte.es\\\/it\\\/producto\\\/il-prezzo-della-velocita\\\/#primaryimage\"},\"thumbnailUrl\":\"https:\\\/\\\/www.lamalasuerte.es\\\/wp-content\\\/uploads\\\/2025\\\/08\\\/Portada_1-scaled.jpg\",\"datePublished\":\"2025-08-02T16:16:47+00:00\",\"dateModified\":\"2026-03-06T12:27:00+00:00\",\"breadcrumb\":{\"@id\":\"https:\\\/\\\/www.lamalasuerte.es\\\/it\\\/producto\\\/il-prezzo-della-velocita\\\/#breadcrumb\"},\"inLanguage\":\"it-IT\",\"potentialAction\":[{\"@type\":\"ReadAction\",\"target\":[\"https:\\\/\\\/www.lamalasuerte.es\\\/it\\\/producto\\\/il-prezzo-della-velocita\\\/\"]}]},{\"@type\":\"ImageObject\",\"inLanguage\":\"it-IT\",\"@id\":\"https:\\\/\\\/www.lamalasuerte.es\\\/it\\\/producto\\\/il-prezzo-della-velocita\\\/#primaryimage\",\"url\":\"https:\\\/\\\/www.lamalasuerte.es\\\/wp-content\\\/uploads\\\/2025\\\/08\\\/Portada_1-scaled.jpg\",\"contentUrl\":\"https:\\\/\\\/www.lamalasuerte.es\\\/wp-content\\\/uploads\\\/2025\\\/08\\\/Portada_1-scaled.jpg\",\"width\":1627,\"height\":2560},{\"@type\":\"BreadcrumbList\",\"@id\":\"https:\\\/\\\/www.lamalasuerte.es\\\/it\\\/producto\\\/il-prezzo-della-velocita\\\/#breadcrumb\",\"itemListElement\":[{\"@type\":\"ListItem\",\"position\":1,\"name\":\"Inizio\",\"item\":\"https:\\\/\\\/www.lamalasuerte.es\\\/it\\\/\"},{\"@type\":\"ListItem\",\"position\":2,\"name\":\"Negozio\",\"item\":\"https:\\\/\\\/www.lamalasuerte.es\\\/negozio\\\/\"},{\"@type\":\"ListItem\",\"position\":3,\"name\":\"Il prezzo della velocit\u00e0\"}]},{\"@type\":\"WebSite\",\"@id\":\"https:\\\/\\\/www.lamalasuerte.es\\\/it\\\/#website\",\"url\":\"https:\\\/\\\/www.lamalasuerte.es\\\/it\\\/\",\"name\":\"\",\"description\":\"La editorial especializada en motociclismo cl\u00e1sico\",\"potentialAction\":[{\"@type\":\"SearchAction\",\"target\":{\"@type\":\"EntryPoint\",\"urlTemplate\":\"https:\\\/\\\/www.lamalasuerte.es\\\/it\\\/?s={search_term_string}\"},\"query-input\":{\"@type\":\"PropertyValueSpecification\",\"valueRequired\":true,\"valueName\":\"search_term_string\"}}],\"inLanguage\":\"it-IT\"}]}<\/script>\n<!-- \/ Yoast SEO plugin. -->","yoast_head_json":{"title":"Il prezzo della velocit\u00e0 |","robots":{"index":"index","follow":"follow","max-snippet":"max-snippet:-1","max-image-preview":"max-image-preview:large","max-video-preview":"max-video-preview:-1"},"canonical":"https:\/\/www.lamalasuerte.es\/it\/producto\/il-prezzo-della-velocita\/","og_locale":"it_IT","og_type":"article","og_title":"Il prezzo della velocit\u00e0 |","og_description":"Questo libro narra di come uno dei pi\u00f9 grandi fabbricanti di moto giapponesi fece propria la tecnolog\u00eda del motore a due tempi sviluppata da uno scienziato nazista, finito a lavorare per la MZ durante i cupi anni del secondo dopoguerra, in una Germania dell\u2019Est devastata e succube della Russia.","og_url":"https:\/\/www.lamalasuerte.es\/it\/producto\/il-prezzo-della-velocita\/","article_modified_time":"2026-03-06T12:27:00+00:00","og_image":[{"width":1627,"height":2560,"url":"https:\/\/www.lamalasuerte.es\/wp-content\/uploads\/2025\/08\/Portada_1-scaled.jpg","type":"image\/jpeg"}],"twitter_card":"summary_large_image","twitter_misc":{"Tempo di lettura stimato":"2 minuti"},"schema":{"@context":"https:\/\/schema.org","@graph":[{"@type":"WebPage","@id":"https:\/\/www.lamalasuerte.es\/it\/producto\/il-prezzo-della-velocita\/","url":"https:\/\/www.lamalasuerte.es\/it\/producto\/il-prezzo-della-velocita\/","name":"Il prezzo della velocit\u00e0 |","isPartOf":{"@id":"https:\/\/www.lamalasuerte.es\/it\/#website"},"primaryImageOfPage":{"@id":"https:\/\/www.lamalasuerte.es\/it\/producto\/il-prezzo-della-velocita\/#primaryimage"},"image":{"@id":"https:\/\/www.lamalasuerte.es\/it\/producto\/il-prezzo-della-velocita\/#primaryimage"},"thumbnailUrl":"https:\/\/www.lamalasuerte.es\/wp-content\/uploads\/2025\/08\/Portada_1-scaled.jpg","datePublished":"2025-08-02T16:16:47+00:00","dateModified":"2026-03-06T12:27:00+00:00","breadcrumb":{"@id":"https:\/\/www.lamalasuerte.es\/it\/producto\/il-prezzo-della-velocita\/#breadcrumb"},"inLanguage":"it-IT","potentialAction":[{"@type":"ReadAction","target":["https:\/\/www.lamalasuerte.es\/it\/producto\/il-prezzo-della-velocita\/"]}]},{"@type":"ImageObject","inLanguage":"it-IT","@id":"https:\/\/www.lamalasuerte.es\/it\/producto\/il-prezzo-della-velocita\/#primaryimage","url":"https:\/\/www.lamalasuerte.es\/wp-content\/uploads\/2025\/08\/Portada_1-scaled.jpg","contentUrl":"https:\/\/www.lamalasuerte.es\/wp-content\/uploads\/2025\/08\/Portada_1-scaled.jpg","width":1627,"height":2560},{"@type":"BreadcrumbList","@id":"https:\/\/www.lamalasuerte.es\/it\/producto\/il-prezzo-della-velocita\/#breadcrumb","itemListElement":[{"@type":"ListItem","position":1,"name":"Inizio","item":"https:\/\/www.lamalasuerte.es\/it\/"},{"@type":"ListItem","position":2,"name":"Negozio","item":"https:\/\/www.lamalasuerte.es\/negozio\/"},{"@type":"ListItem","position":3,"name":"Il prezzo della velocit\u00e0"}]},{"@type":"WebSite","@id":"https:\/\/www.lamalasuerte.es\/it\/#website","url":"https:\/\/www.lamalasuerte.es\/it\/","name":"","description":"La editorial especializada en motociclismo cl\u00e1sico","potentialAction":[{"@type":"SearchAction","target":{"@type":"EntryPoint","urlTemplate":"https:\/\/www.lamalasuerte.es\/it\/?s={search_term_string}"},"query-input":{"@type":"PropertyValueSpecification","valueRequired":true,"valueName":"search_term_string"}}],"inLanguage":"it-IT"}]}},"_links":{"self":[{"href":"https:\/\/www.lamalasuerte.es\/it\/wp-json\/wp\/v2\/product\/4074","targetHints":{"allow":["GET"]}}],"collection":[{"href":"https:\/\/www.lamalasuerte.es\/it\/wp-json\/wp\/v2\/product"}],"about":[{"href":"https:\/\/www.lamalasuerte.es\/it\/wp-json\/wp\/v2\/types\/product"}],"replies":[{"embeddable":true,"href":"https:\/\/www.lamalasuerte.es\/it\/wp-json\/wp\/v2\/comments?post=4074"}],"wp:featuredmedia":[{"embeddable":true,"href":"https:\/\/www.lamalasuerte.es\/it\/wp-json\/wp\/v2\/media\/4084"}],"wp:attachment":[{"href":"https:\/\/www.lamalasuerte.es\/it\/wp-json\/wp\/v2\/media?parent=4074"}],"wp:term":[{"taxonomy":"product_brand","embeddable":true,"href":"https:\/\/www.lamalasuerte.es\/it\/wp-json\/wp\/v2\/product_brand?post=4074"},{"taxonomy":"product_cat","embeddable":true,"href":"https:\/\/www.lamalasuerte.es\/it\/wp-json\/wp\/v2\/product_cat?post=4074"},{"taxonomy":"product_tag","embeddable":true,"href":"https:\/\/www.lamalasuerte.es\/it\/wp-json\/wp\/v2\/product_tag?post=4074"}],"curies":[{"name":"wp","href":"https:\/\/api.w.org\/{rel}","templated":true}]}}