{"id":4070,"date":"2025-08-02T16:15:50","date_gmt":"2025-08-02T16:15:50","guid":{"rendered":"https:\/\/www.lamalasuerte.es\/?post_type=product&#038;p=4070"},"modified":"2026-03-03T17:29:46","modified_gmt":"2026-03-03T17:29:46","slug":"un-viaggio-rivoluzionario","status":"publish","type":"product","link":"https:\/\/www.lamalasuerte.es\/it\/producto\/un-viaggio-rivoluzionario\/","title":{"rendered":"Un viaggio rivoluzionario"},"content":{"rendered":"<p>Parliamoci chiaro: la protagonista di questo libro non \u00e8 una donna che viaggia su una motocicletta, ma la terra in cui sceglie di addentrarsi -in maniera illegale e arrischiata- come lei stessa dice \u201cper sapere fin dove la leggenda si sovrapponeva alla realt\u00e0\u201d ma anche per sradicare \u201cpregiudizi e timori personali\u201d indotti da stampa e televisione, da sempre inculcati nella gente dai governi occidentali verso la terra in questione. \u201cTerra\u201d e non \u201cPaese\u201d, dal momento che l\u2019approccio di Lois all\u2019Iran \u00e8 con una moto da fuoristrada, agile e leggera, con cui conta di darsela a gambe con facilit\u00e0 al primo segnale di pericolo. La ruota tassellata, in realt\u00e0, diventa un simbolo \u201cdi scavo\u201d oltre la superficie, nella storia, nella cultura, nelle persone che incontra, in cerca del cuore di una nazione perennemente incompresa, contraddittoria e inaspettatamente umana, fragile ma anche fortissima e conviviale, allegra, malgrado la durezza del paesaggio e degli ayatollah. Lois vi si immerge, senza paura, armata solo del proprio mezzo e dei propri miti, consapevole che \u201cla combinazione di autonomia e di vulnerabilit\u00e0 che risulta dal viaggiare sola su una motocicletta, rappresenta il modo migliore per ottenere questo tipo di intensa immersione\u201d. E come spesso succede, ne uscir\u00e0 come un\u2019altra persona, pi\u00f9 consapevole.<\/p>\n<p>&nbsp;<\/p>\n<p><strong>Spedizione gratuita in Italia tramite <span class=\"BxUVEf ILfuVd\" lang=\"it\"><span class=\"hgKElc\">piego di libri<\/span><\/span>.<\/strong><\/p>\n<p><strong>Attenzione: L&#8217;opzione di spedizione gratuita apparir\u00e0 dopo aver compilato il format con l&#8217;indirizzo di spedizione!<\/strong><\/p>\n","protected":false},"excerpt":{"rendered":"<p>La protagonista di questo libro non \u00e8 una donna che viaggia su una motocicletta, ma la terra in cui sceglie di addentrarsi -in maniera illegale e arrischiata- come lei stessa dice \u201cper sapere fin dove la leggenda si sovrapponeva alla realt\u00e0\u201d.<\/p>\n","protected":false},"featured_media":4093,"comment_status":"closed","ping_status":"closed","template":"","meta":{"_acf_changed":false,"site-sidebar-layout":"default","site-content-layout":"","ast-site-content-layout":"default","site-content-style":"default","site-sidebar-style":"default","ast-global-header-display":"","ast-banner-title-visibility":"","ast-main-header-display":"","ast-hfb-above-header-display":"","ast-hfb-below-header-display":"","ast-hfb-mobile-header-display":"","site-post-title":"","ast-breadcrumbs-content":"","ast-featured-img":"","footer-sml-layout":"","ast-disable-related-posts":"","theme-transparent-header-meta":"default","adv-header-id-meta":"","stick-header-meta":"","header-above-stick-meta":"","header-main-stick-meta":"","header-below-stick-meta":"","astra-migrate-meta-layouts":"set","ast-page-background-enabled":"default","ast-page-background-meta":{"desktop":{"background-color":"var(--ast-global-color-5)","background-image":"","background-repeat":"repeat","background-position":"center center","background-size":"auto","background-attachment":"scroll","background-type":"","background-media":"","overlay-type":"","overlay-color":"","overlay-opacity":"","overlay-gradient":""},"tablet":{"background-color":"","background-image":"","background-repeat":"repeat","background-position":"center center","background-size":"auto","background-attachment":"scroll","background-type":"","background-media":"","overlay-type":"","overlay-color":"","overlay-opacity":"","overlay-gradient":""},"mobile":{"background-color":"","background-image":"","background-repeat":"repeat","background-position":"center center","background-size":"auto","background-attachment":"scroll","background-type":"","background-media":"","overlay-type":"","overlay-color":"","overlay-opacity":"","overlay-gradient":""}},"ast-content-background-meta":{"desktop":{"background-color":"var(--ast-global-color-4)","background-image":"","background-repeat":"repeat","background-position":"center center","background-size":"auto","background-attachment":"scroll","background-type":"","background-media":"","overlay-type":"","overlay-color":"","overlay-opacity":"","overlay-gradient":""},"tablet":{"background-color":"var(--ast-global-color-4)","background-image":"","background-repeat":"repeat","background-position":"center center","background-size":"auto","background-attachment":"scroll","background-type":"","background-media":"","overlay-type":"","overlay-color":"","overlay-opacity":"","overlay-gradient":""},"mobile":{"background-color":"var(--ast-global-color-4)","background-image":"","background-repeat":"repeat","background-position":"center center","background-size":"auto","background-attachment":"scroll","background-type":"","background-media":"","overlay-type":"","overlay-color":"","overlay-opacity":"","overlay-gradient":""}}},"product_brand":[],"product_cat":[85,66],"product_tag":[],"class_list":{"0":"post-4070","1":"product","2":"type-product","3":"status-publish","4":"has-post-thumbnail","6":"product_cat-pryce-lois","7":"product_cat-viaggi-in-moto","8":"desktop-align-left","9":"tablet-align-left","10":"mobile-align-left","12":"first","13":"instock","14":"taxable","15":"shipping-taxable","16":"purchasable","17":"product-type-simple"},"acf":[],"yoast_head":"<!-- This site is optimized with the Yoast SEO plugin v27.4 - https:\/\/yoast.com\/product\/yoast-seo-wordpress\/ -->\n<title>Un viaggio rivoluzionario |<\/title>\n<meta name=\"robots\" content=\"index, follow, max-snippet:-1, max-image-preview:large, max-video-preview:-1\" \/>\n<link rel=\"canonical\" href=\"https:\/\/www.lamalasuerte.es\/it\/producto\/un-viaggio-rivoluzionario\/\" \/>\n<meta property=\"og:locale\" content=\"it_IT\" \/>\n<meta property=\"og:type\" content=\"article\" \/>\n<meta property=\"og:title\" content=\"Un viaggio rivoluzionario |\" \/>\n<meta property=\"og:description\" content=\"La protagonista di questo libro non \u00e8 una donna che viaggia su una motocicletta, ma la terra in cui sceglie di addentrarsi -in maniera illegale e arrischiata- come lei stessa dice \u201cper sapere fin dove la leggenda si sovrapponeva alla realt\u00e0\u201d.\" \/>\n<meta property=\"og:url\" content=\"https:\/\/www.lamalasuerte.es\/it\/producto\/un-viaggio-rivoluzionario\/\" \/>\n<meta property=\"article:modified_time\" content=\"2026-03-03T17:29:46+00:00\" \/>\n<meta property=\"og:image\" content=\"https:\/\/www.lamalasuerte.es\/wp-content\/uploads\/2025\/08\/01-scaled.jpg\" \/>\n\t<meta property=\"og:image:width\" content=\"1564\" \/>\n\t<meta property=\"og:image:height\" content=\"2560\" \/>\n\t<meta property=\"og:image:type\" content=\"image\/jpeg\" \/>\n<meta name=\"twitter:card\" content=\"summary_large_image\" \/>\n<meta name=\"twitter:label1\" content=\"Tempo di lettura stimato\" \/>\n\t<meta name=\"twitter:data1\" content=\"2 minuti\" \/>\n<script type=\"application\/ld+json\" class=\"yoast-schema-graph\">{\"@context\":\"https:\\\/\\\/schema.org\",\"@graph\":[{\"@type\":\"WebPage\",\"@id\":\"https:\\\/\\\/www.lamalasuerte.es\\\/it\\\/producto\\\/un-viaggio-rivoluzionario\\\/\",\"url\":\"https:\\\/\\\/www.lamalasuerte.es\\\/it\\\/producto\\\/un-viaggio-rivoluzionario\\\/\",\"name\":\"Un viaggio rivoluzionario |\",\"isPartOf\":{\"@id\":\"https:\\\/\\\/www.lamalasuerte.es\\\/it\\\/#website\"},\"primaryImageOfPage\":{\"@id\":\"https:\\\/\\\/www.lamalasuerte.es\\\/it\\\/producto\\\/un-viaggio-rivoluzionario\\\/#primaryimage\"},\"image\":{\"@id\":\"https:\\\/\\\/www.lamalasuerte.es\\\/it\\\/producto\\\/un-viaggio-rivoluzionario\\\/#primaryimage\"},\"thumbnailUrl\":\"https:\\\/\\\/www.lamalasuerte.es\\\/wp-content\\\/uploads\\\/2025\\\/08\\\/01-scaled.jpg\",\"datePublished\":\"2025-08-02T16:15:50+00:00\",\"dateModified\":\"2026-03-03T17:29:46+00:00\",\"breadcrumb\":{\"@id\":\"https:\\\/\\\/www.lamalasuerte.es\\\/it\\\/producto\\\/un-viaggio-rivoluzionario\\\/#breadcrumb\"},\"inLanguage\":\"it-IT\",\"potentialAction\":[{\"@type\":\"ReadAction\",\"target\":[\"https:\\\/\\\/www.lamalasuerte.es\\\/it\\\/producto\\\/un-viaggio-rivoluzionario\\\/\"]}]},{\"@type\":\"ImageObject\",\"inLanguage\":\"it-IT\",\"@id\":\"https:\\\/\\\/www.lamalasuerte.es\\\/it\\\/producto\\\/un-viaggio-rivoluzionario\\\/#primaryimage\",\"url\":\"https:\\\/\\\/www.lamalasuerte.es\\\/wp-content\\\/uploads\\\/2025\\\/08\\\/01-scaled.jpg\",\"contentUrl\":\"https:\\\/\\\/www.lamalasuerte.es\\\/wp-content\\\/uploads\\\/2025\\\/08\\\/01-scaled.jpg\",\"width\":1564,\"height\":2560},{\"@type\":\"BreadcrumbList\",\"@id\":\"https:\\\/\\\/www.lamalasuerte.es\\\/it\\\/producto\\\/un-viaggio-rivoluzionario\\\/#breadcrumb\",\"itemListElement\":[{\"@type\":\"ListItem\",\"position\":1,\"name\":\"Inizio\",\"item\":\"https:\\\/\\\/www.lamalasuerte.es\\\/it\\\/\"},{\"@type\":\"ListItem\",\"position\":2,\"name\":\"Negozio\",\"item\":\"https:\\\/\\\/www.lamalasuerte.es\\\/negozio\\\/\"},{\"@type\":\"ListItem\",\"position\":3,\"name\":\"Un viaggio rivoluzionario\"}]},{\"@type\":\"WebSite\",\"@id\":\"https:\\\/\\\/www.lamalasuerte.es\\\/it\\\/#website\",\"url\":\"https:\\\/\\\/www.lamalasuerte.es\\\/it\\\/\",\"name\":\"\",\"description\":\"La editorial especializada en motociclismo cl\u00e1sico\",\"potentialAction\":[{\"@type\":\"SearchAction\",\"target\":{\"@type\":\"EntryPoint\",\"urlTemplate\":\"https:\\\/\\\/www.lamalasuerte.es\\\/it\\\/?s={search_term_string}\"},\"query-input\":{\"@type\":\"PropertyValueSpecification\",\"valueRequired\":true,\"valueName\":\"search_term_string\"}}],\"inLanguage\":\"it-IT\"}]}<\/script>\n<!-- \/ Yoast SEO plugin. -->","yoast_head_json":{"title":"Un viaggio rivoluzionario |","robots":{"index":"index","follow":"follow","max-snippet":"max-snippet:-1","max-image-preview":"max-image-preview:large","max-video-preview":"max-video-preview:-1"},"canonical":"https:\/\/www.lamalasuerte.es\/it\/producto\/un-viaggio-rivoluzionario\/","og_locale":"it_IT","og_type":"article","og_title":"Un viaggio rivoluzionario |","og_description":"La protagonista di questo libro non \u00e8 una donna che viaggia su una motocicletta, ma la terra in cui sceglie di addentrarsi -in maniera illegale e arrischiata- come lei stessa dice \u201cper sapere fin dove la leggenda si sovrapponeva alla realt\u00e0\u201d.","og_url":"https:\/\/www.lamalasuerte.es\/it\/producto\/un-viaggio-rivoluzionario\/","article_modified_time":"2026-03-03T17:29:46+00:00","og_image":[{"width":1564,"height":2560,"url":"https:\/\/www.lamalasuerte.es\/wp-content\/uploads\/2025\/08\/01-scaled.jpg","type":"image\/jpeg"}],"twitter_card":"summary_large_image","twitter_misc":{"Tempo di lettura stimato":"2 minuti"},"schema":{"@context":"https:\/\/schema.org","@graph":[{"@type":"WebPage","@id":"https:\/\/www.lamalasuerte.es\/it\/producto\/un-viaggio-rivoluzionario\/","url":"https:\/\/www.lamalasuerte.es\/it\/producto\/un-viaggio-rivoluzionario\/","name":"Un viaggio rivoluzionario |","isPartOf":{"@id":"https:\/\/www.lamalasuerte.es\/it\/#website"},"primaryImageOfPage":{"@id":"https:\/\/www.lamalasuerte.es\/it\/producto\/un-viaggio-rivoluzionario\/#primaryimage"},"image":{"@id":"https:\/\/www.lamalasuerte.es\/it\/producto\/un-viaggio-rivoluzionario\/#primaryimage"},"thumbnailUrl":"https:\/\/www.lamalasuerte.es\/wp-content\/uploads\/2025\/08\/01-scaled.jpg","datePublished":"2025-08-02T16:15:50+00:00","dateModified":"2026-03-03T17:29:46+00:00","breadcrumb":{"@id":"https:\/\/www.lamalasuerte.es\/it\/producto\/un-viaggio-rivoluzionario\/#breadcrumb"},"inLanguage":"it-IT","potentialAction":[{"@type":"ReadAction","target":["https:\/\/www.lamalasuerte.es\/it\/producto\/un-viaggio-rivoluzionario\/"]}]},{"@type":"ImageObject","inLanguage":"it-IT","@id":"https:\/\/www.lamalasuerte.es\/it\/producto\/un-viaggio-rivoluzionario\/#primaryimage","url":"https:\/\/www.lamalasuerte.es\/wp-content\/uploads\/2025\/08\/01-scaled.jpg","contentUrl":"https:\/\/www.lamalasuerte.es\/wp-content\/uploads\/2025\/08\/01-scaled.jpg","width":1564,"height":2560},{"@type":"BreadcrumbList","@id":"https:\/\/www.lamalasuerte.es\/it\/producto\/un-viaggio-rivoluzionario\/#breadcrumb","itemListElement":[{"@type":"ListItem","position":1,"name":"Inizio","item":"https:\/\/www.lamalasuerte.es\/it\/"},{"@type":"ListItem","position":2,"name":"Negozio","item":"https:\/\/www.lamalasuerte.es\/negozio\/"},{"@type":"ListItem","position":3,"name":"Un viaggio rivoluzionario"}]},{"@type":"WebSite","@id":"https:\/\/www.lamalasuerte.es\/it\/#website","url":"https:\/\/www.lamalasuerte.es\/it\/","name":"","description":"La editorial especializada en motociclismo cl\u00e1sico","potentialAction":[{"@type":"SearchAction","target":{"@type":"EntryPoint","urlTemplate":"https:\/\/www.lamalasuerte.es\/it\/?s={search_term_string}"},"query-input":{"@type":"PropertyValueSpecification","valueRequired":true,"valueName":"search_term_string"}}],"inLanguage":"it-IT"}]}},"_links":{"self":[{"href":"https:\/\/www.lamalasuerte.es\/it\/wp-json\/wp\/v2\/product\/4070","targetHints":{"allow":["GET"]}}],"collection":[{"href":"https:\/\/www.lamalasuerte.es\/it\/wp-json\/wp\/v2\/product"}],"about":[{"href":"https:\/\/www.lamalasuerte.es\/it\/wp-json\/wp\/v2\/types\/product"}],"replies":[{"embeddable":true,"href":"https:\/\/www.lamalasuerte.es\/it\/wp-json\/wp\/v2\/comments?post=4070"}],"wp:featuredmedia":[{"embeddable":true,"href":"https:\/\/www.lamalasuerte.es\/it\/wp-json\/wp\/v2\/media\/4093"}],"wp:attachment":[{"href":"https:\/\/www.lamalasuerte.es\/it\/wp-json\/wp\/v2\/media?parent=4070"}],"wp:term":[{"taxonomy":"product_brand","embeddable":true,"href":"https:\/\/www.lamalasuerte.es\/it\/wp-json\/wp\/v2\/product_brand?post=4070"},{"taxonomy":"product_cat","embeddable":true,"href":"https:\/\/www.lamalasuerte.es\/it\/wp-json\/wp\/v2\/product_cat?post=4070"},{"taxonomy":"product_tag","embeddable":true,"href":"https:\/\/www.lamalasuerte.es\/it\/wp-json\/wp\/v2\/product_tag?post=4070"}],"curies":[{"name":"wp","href":"https:\/\/api.w.org\/{rel}","templated":true}]}}