{"id":4053,"date":"2025-08-02T16:17:31","date_gmt":"2025-08-02T16:17:31","guid":{"rendered":"https:\/\/www.lamalasuerte.es\/?post_type=product&#038;p=4053"},"modified":"2026-03-03T17:28:37","modified_gmt":"2026-03-03T17:28:37","slug":"un-giorno-vinceremo","status":"publish","type":"product","link":"https:\/\/www.lamalasuerte.es\/it\/producto\/un-giorno-vinceremo\/","title":{"rendered":"Un giorno vinceremo"},"content":{"rendered":"<p>&nbsp;<\/p>\n<p>\u00c8 la storia di un clamoroso insuccesso, quello di una quattro temi da corsa che voleva contrapporsi ad un\u2019epoca dominata dalle due tempi. Narrata per\u00f2 dal punto di vista di un\u2019appassionata che ha potuto seguire da vicini le varie fasi della creazione, questa fedele cronaca assume pi\u00f9 i toni di un\u2019epopea su una squadra che non ha mai fatto un passo indietro di fronte alle difficolt\u00e0, perseguendo con ostinazione un obiettivo che, agli occhi di un europeo o, per meglio dire, di un occidentale, potr\u00e0 sembrare a tratti tanto improbabile quanto masochista.<br \/>\nEppure, presenza discreta e osservatrice di un team in cui non ha mai smesso di credere, Yoko ce la descrive nei toni commossi che userebbe una madre per descrivere l\u2019odissea del proprio figlio, sottolineando valori umani come coraggio e determinazione, lucida follia, ma anche intelligenza, entusiasmo, romanticismo, saggezza, e infine amore per il rischio e le sfide.<br \/>\nLa storia della Honda NR500,e della sua sorella minore\u2014pi\u00f9 fortunata di lei\u2014la NS500, \u00e8 in realt\u00e0 la storia di una comunit\u00e0, quella degli ingegneri, dei team-managers, dei tecnici e maccanici Honda, che ha fatto del proprio lavoro un ideala, dove le mete da raggiungere sono i nostri sogni che, in quanto sogni, dovrebbero servire a motivare l\u00e8ssistenza di ogni individuo su questa terra.<\/p>\n<p>&nbsp;<\/p>\n<p><strong>Spedizione gratuita in Italia tramite <span class=\"BxUVEf ILfuVd\" lang=\"it\"><span class=\"hgKElc\">piego di libri<\/span><\/span>. <\/strong><\/p>\n<p><strong>Attenzione: L&#8217;opzione di spedizione gratuita apparir\u00e0 dopo aver compilato il format con l&#8217;indirizzo di spedizione!<\/strong><\/p>\n","protected":false},"excerpt":{"rendered":"<p>\u00c8 la storia di un clamoroso insuccesso, quello di una quattro temi da corsa che voleva contrapporsi ad un\u2019epoca dominata dalle due tempi.<\/p>\n","protected":false},"featured_media":4160,"comment_status":"closed","ping_status":"closed","template":"","meta":{"_acf_changed":false,"site-sidebar-layout":"default","site-content-layout":"","ast-site-content-layout":"default","site-content-style":"default","site-sidebar-style":"default","ast-global-header-display":"","ast-banner-title-visibility":"","ast-main-header-display":"","ast-hfb-above-header-display":"","ast-hfb-below-header-display":"","ast-hfb-mobile-header-display":"","site-post-title":"","ast-breadcrumbs-content":"","ast-featured-img":"","footer-sml-layout":"","ast-disable-related-posts":"","theme-transparent-header-meta":"default","adv-header-id-meta":"","stick-header-meta":"","header-above-stick-meta":"","header-main-stick-meta":"","header-below-stick-meta":"","astra-migrate-meta-layouts":"set","ast-page-background-enabled":"default","ast-page-background-meta":{"desktop":{"background-color":"var(--ast-global-color-5)","background-image":"","background-repeat":"repeat","background-position":"center center","background-size":"auto","background-attachment":"scroll","background-type":"","background-media":"","overlay-type":"","overlay-color":"","overlay-opacity":"","overlay-gradient":""},"tablet":{"background-color":"","background-image":"","background-repeat":"repeat","background-position":"center center","background-size":"auto","background-attachment":"scroll","background-type":"","background-media":"","overlay-type":"","overlay-color":"","overlay-opacity":"","overlay-gradient":""},"mobile":{"background-color":"","background-image":"","background-repeat":"repeat","background-position":"center center","background-size":"auto","background-attachment":"scroll","background-type":"","background-media":"","overlay-type":"","overlay-color":"","overlay-opacity":"","overlay-gradient":""}},"ast-content-background-meta":{"desktop":{"background-color":"var(--ast-global-color-4)","background-image":"","background-repeat":"repeat","background-position":"center center","background-size":"auto","background-attachment":"scroll","background-type":"","background-media":"","overlay-type":"","overlay-color":"","overlay-opacity":"","overlay-gradient":""},"tablet":{"background-color":"var(--ast-global-color-4)","background-image":"","background-repeat":"repeat","background-position":"center center","background-size":"auto","background-attachment":"scroll","background-type":"","background-media":"","overlay-type":"","overlay-color":"","overlay-opacity":"","overlay-gradient":""},"mobile":{"background-color":"var(--ast-global-color-4)","background-image":"","background-repeat":"repeat","background-position":"center center","background-size":"auto","background-attachment":"scroll","background-type":"","background-media":"","overlay-type":"","overlay-color":"","overlay-opacity":"","overlay-gradient":""}}},"product_brand":[],"product_cat":[64,84],"product_tag":[],"class_list":{"0":"post-4053","1":"product","2":"type-product","3":"status-publish","4":"has-post-thumbnail","6":"product_cat-corse","7":"product_cat-togashi-yoko","8":"desktop-align-left","9":"tablet-align-left","10":"mobile-align-left","12":"first","13":"instock","14":"taxable","15":"shipping-taxable","16":"purchasable","17":"product-type-simple"},"acf":[],"yoast_head":"<!-- This site is optimized with the Yoast SEO plugin v27.4 - https:\/\/yoast.com\/product\/yoast-seo-wordpress\/ -->\n<title>Un giorno vinceremo |<\/title>\n<meta name=\"robots\" content=\"index, follow, max-snippet:-1, max-image-preview:large, max-video-preview:-1\" \/>\n<link rel=\"canonical\" href=\"https:\/\/www.lamalasuerte.es\/it\/producto\/un-giorno-vinceremo\/\" \/>\n<meta property=\"og:locale\" content=\"it_IT\" \/>\n<meta property=\"og:type\" content=\"article\" \/>\n<meta property=\"og:title\" content=\"Un giorno vinceremo |\" \/>\n<meta property=\"og:description\" content=\"\u00c8 la storia di un clamoroso insuccesso, quello di una quattro temi da corsa che voleva contrapporsi ad un\u2019epoca dominata dalle due tempi.\" \/>\n<meta property=\"og:url\" content=\"https:\/\/www.lamalasuerte.es\/it\/producto\/un-giorno-vinceremo\/\" \/>\n<meta property=\"article:modified_time\" content=\"2026-03-03T17:28:37+00:00\" \/>\n<meta property=\"og:image\" content=\"https:\/\/www.lamalasuerte.es\/wp-content\/uploads\/2025\/08\/front-scaled.jpg\" \/>\n\t<meta property=\"og:image:width\" content=\"1628\" \/>\n\t<meta property=\"og:image:height\" content=\"2560\" \/>\n\t<meta property=\"og:image:type\" content=\"image\/jpeg\" \/>\n<meta name=\"twitter:card\" content=\"summary_large_image\" \/>\n<meta name=\"twitter:label1\" content=\"Tempo di lettura stimato\" \/>\n\t<meta name=\"twitter:data1\" content=\"2 minuti\" \/>\n<script type=\"application\/ld+json\" class=\"yoast-schema-graph\">{\"@context\":\"https:\\\/\\\/schema.org\",\"@graph\":[{\"@type\":\"WebPage\",\"@id\":\"https:\\\/\\\/www.lamalasuerte.es\\\/it\\\/producto\\\/un-giorno-vinceremo\\\/\",\"url\":\"https:\\\/\\\/www.lamalasuerte.es\\\/it\\\/producto\\\/un-giorno-vinceremo\\\/\",\"name\":\"Un giorno vinceremo |\",\"isPartOf\":{\"@id\":\"https:\\\/\\\/www.lamalasuerte.es\\\/it\\\/#website\"},\"primaryImageOfPage\":{\"@id\":\"https:\\\/\\\/www.lamalasuerte.es\\\/it\\\/producto\\\/un-giorno-vinceremo\\\/#primaryimage\"},\"image\":{\"@id\":\"https:\\\/\\\/www.lamalasuerte.es\\\/it\\\/producto\\\/un-giorno-vinceremo\\\/#primaryimage\"},\"thumbnailUrl\":\"https:\\\/\\\/www.lamalasuerte.es\\\/wp-content\\\/uploads\\\/2025\\\/08\\\/front-scaled.jpg\",\"datePublished\":\"2025-08-02T16:17:31+00:00\",\"dateModified\":\"2026-03-03T17:28:37+00:00\",\"breadcrumb\":{\"@id\":\"https:\\\/\\\/www.lamalasuerte.es\\\/it\\\/producto\\\/un-giorno-vinceremo\\\/#breadcrumb\"},\"inLanguage\":\"it-IT\",\"potentialAction\":[{\"@type\":\"ReadAction\",\"target\":[\"https:\\\/\\\/www.lamalasuerte.es\\\/it\\\/producto\\\/un-giorno-vinceremo\\\/\"]}]},{\"@type\":\"ImageObject\",\"inLanguage\":\"it-IT\",\"@id\":\"https:\\\/\\\/www.lamalasuerte.es\\\/it\\\/producto\\\/un-giorno-vinceremo\\\/#primaryimage\",\"url\":\"https:\\\/\\\/www.lamalasuerte.es\\\/wp-content\\\/uploads\\\/2025\\\/08\\\/front-scaled.jpg\",\"contentUrl\":\"https:\\\/\\\/www.lamalasuerte.es\\\/wp-content\\\/uploads\\\/2025\\\/08\\\/front-scaled.jpg\",\"width\":1628,\"height\":2560},{\"@type\":\"BreadcrumbList\",\"@id\":\"https:\\\/\\\/www.lamalasuerte.es\\\/it\\\/producto\\\/un-giorno-vinceremo\\\/#breadcrumb\",\"itemListElement\":[{\"@type\":\"ListItem\",\"position\":1,\"name\":\"Inizio\",\"item\":\"https:\\\/\\\/www.lamalasuerte.es\\\/it\\\/\"},{\"@type\":\"ListItem\",\"position\":2,\"name\":\"Negozio\",\"item\":\"https:\\\/\\\/www.lamalasuerte.es\\\/negozio\\\/\"},{\"@type\":\"ListItem\",\"position\":3,\"name\":\"Un giorno vinceremo\"}]},{\"@type\":\"WebSite\",\"@id\":\"https:\\\/\\\/www.lamalasuerte.es\\\/it\\\/#website\",\"url\":\"https:\\\/\\\/www.lamalasuerte.es\\\/it\\\/\",\"name\":\"\",\"description\":\"La editorial especializada en motociclismo cl\u00e1sico\",\"potentialAction\":[{\"@type\":\"SearchAction\",\"target\":{\"@type\":\"EntryPoint\",\"urlTemplate\":\"https:\\\/\\\/www.lamalasuerte.es\\\/it\\\/?s={search_term_string}\"},\"query-input\":{\"@type\":\"PropertyValueSpecification\",\"valueRequired\":true,\"valueName\":\"search_term_string\"}}],\"inLanguage\":\"it-IT\"}]}<\/script>\n<!-- \/ Yoast SEO plugin. -->","yoast_head_json":{"title":"Un giorno vinceremo |","robots":{"index":"index","follow":"follow","max-snippet":"max-snippet:-1","max-image-preview":"max-image-preview:large","max-video-preview":"max-video-preview:-1"},"canonical":"https:\/\/www.lamalasuerte.es\/it\/producto\/un-giorno-vinceremo\/","og_locale":"it_IT","og_type":"article","og_title":"Un giorno vinceremo |","og_description":"\u00c8 la storia di un clamoroso insuccesso, quello di una quattro temi da corsa che voleva contrapporsi ad un\u2019epoca dominata dalle due tempi.","og_url":"https:\/\/www.lamalasuerte.es\/it\/producto\/un-giorno-vinceremo\/","article_modified_time":"2026-03-03T17:28:37+00:00","og_image":[{"width":1628,"height":2560,"url":"https:\/\/www.lamalasuerte.es\/wp-content\/uploads\/2025\/08\/front-scaled.jpg","type":"image\/jpeg"}],"twitter_card":"summary_large_image","twitter_misc":{"Tempo di lettura stimato":"2 minuti"},"schema":{"@context":"https:\/\/schema.org","@graph":[{"@type":"WebPage","@id":"https:\/\/www.lamalasuerte.es\/it\/producto\/un-giorno-vinceremo\/","url":"https:\/\/www.lamalasuerte.es\/it\/producto\/un-giorno-vinceremo\/","name":"Un giorno vinceremo |","isPartOf":{"@id":"https:\/\/www.lamalasuerte.es\/it\/#website"},"primaryImageOfPage":{"@id":"https:\/\/www.lamalasuerte.es\/it\/producto\/un-giorno-vinceremo\/#primaryimage"},"image":{"@id":"https:\/\/www.lamalasuerte.es\/it\/producto\/un-giorno-vinceremo\/#primaryimage"},"thumbnailUrl":"https:\/\/www.lamalasuerte.es\/wp-content\/uploads\/2025\/08\/front-scaled.jpg","datePublished":"2025-08-02T16:17:31+00:00","dateModified":"2026-03-03T17:28:37+00:00","breadcrumb":{"@id":"https:\/\/www.lamalasuerte.es\/it\/producto\/un-giorno-vinceremo\/#breadcrumb"},"inLanguage":"it-IT","potentialAction":[{"@type":"ReadAction","target":["https:\/\/www.lamalasuerte.es\/it\/producto\/un-giorno-vinceremo\/"]}]},{"@type":"ImageObject","inLanguage":"it-IT","@id":"https:\/\/www.lamalasuerte.es\/it\/producto\/un-giorno-vinceremo\/#primaryimage","url":"https:\/\/www.lamalasuerte.es\/wp-content\/uploads\/2025\/08\/front-scaled.jpg","contentUrl":"https:\/\/www.lamalasuerte.es\/wp-content\/uploads\/2025\/08\/front-scaled.jpg","width":1628,"height":2560},{"@type":"BreadcrumbList","@id":"https:\/\/www.lamalasuerte.es\/it\/producto\/un-giorno-vinceremo\/#breadcrumb","itemListElement":[{"@type":"ListItem","position":1,"name":"Inizio","item":"https:\/\/www.lamalasuerte.es\/it\/"},{"@type":"ListItem","position":2,"name":"Negozio","item":"https:\/\/www.lamalasuerte.es\/negozio\/"},{"@type":"ListItem","position":3,"name":"Un giorno vinceremo"}]},{"@type":"WebSite","@id":"https:\/\/www.lamalasuerte.es\/it\/#website","url":"https:\/\/www.lamalasuerte.es\/it\/","name":"","description":"La editorial especializada en motociclismo cl\u00e1sico","potentialAction":[{"@type":"SearchAction","target":{"@type":"EntryPoint","urlTemplate":"https:\/\/www.lamalasuerte.es\/it\/?s={search_term_string}"},"query-input":{"@type":"PropertyValueSpecification","valueRequired":true,"valueName":"search_term_string"}}],"inLanguage":"it-IT"}]}},"_links":{"self":[{"href":"https:\/\/www.lamalasuerte.es\/it\/wp-json\/wp\/v2\/product\/4053","targetHints":{"allow":["GET"]}}],"collection":[{"href":"https:\/\/www.lamalasuerte.es\/it\/wp-json\/wp\/v2\/product"}],"about":[{"href":"https:\/\/www.lamalasuerte.es\/it\/wp-json\/wp\/v2\/types\/product"}],"replies":[{"embeddable":true,"href":"https:\/\/www.lamalasuerte.es\/it\/wp-json\/wp\/v2\/comments?post=4053"}],"wp:featuredmedia":[{"embeddable":true,"href":"https:\/\/www.lamalasuerte.es\/it\/wp-json\/wp\/v2\/media\/4160"}],"wp:attachment":[{"href":"https:\/\/www.lamalasuerte.es\/it\/wp-json\/wp\/v2\/media?parent=4053"}],"wp:term":[{"taxonomy":"product_brand","embeddable":true,"href":"https:\/\/www.lamalasuerte.es\/it\/wp-json\/wp\/v2\/product_brand?post=4053"},{"taxonomy":"product_cat","embeddable":true,"href":"https:\/\/www.lamalasuerte.es\/it\/wp-json\/wp\/v2\/product_cat?post=4053"},{"taxonomy":"product_tag","embeddable":true,"href":"https:\/\/www.lamalasuerte.es\/it\/wp-json\/wp\/v2\/product_tag?post=4053"}],"curies":[{"name":"wp","href":"https:\/\/api.w.org\/{rel}","templated":true}]}}